{"id":2,"date":"2015-04-02T09:42:43","date_gmt":"2015-04-02T09:42:43","guid":{"rendered":"http:\/\/lptransport.ee\/?page_id=2"},"modified":"2019-08-25T13:55:37","modified_gmt":"2019-08-25T13:55:37","slug":"demoleht","status":"publish","type":"page","link":"http:\/\/lptransport.ee\/?page_id=2","title":{"rendered":"Rahvusvaheline kaubavedu"},"content":{"rendered":"<p><strong>L&amp;P Transport O\u00dc<\/strong> omab pikaajalisi kogemusi rahvusvahelise kaubaveo korraldamisel .<\/p>\n<p><em>Ettev\u00f5tte peamisteks veosuundadeks on:<\/em><\/p>\n<p>&#8211; Poola;<a href=\"http:\/\/lptransport.ee\/wp-content\/uploads\/2015\/04\/2015-03-16-2619.jpg\"><img loading=\"lazy\" class=\"size-medium wp-image-56 alignright\" src=\"http:\/\/lptransport.ee\/wp-content\/uploads\/2015\/04\/2015-03-16-2619-168x300.jpg\" alt=\"2015-03-16-2619\" width=\"168\" height=\"300\" srcset=\"http:\/\/lptransport.ee\/wp-content\/uploads\/2015\/04\/2015-03-16-2619-168x300.jpg 168w, http:\/\/lptransport.ee\/wp-content\/uploads\/2015\/04\/2015-03-16-2619-575x1024.jpg 575w, http:\/\/lptransport.ee\/wp-content\/uploads\/2015\/04\/2015-03-16-2619.jpg 674w\" sizes=\"(max-width: 168px) 100vw, 168px\" \/><\/a><\/p>\n<p>&#8211; Suurbritannia;<\/p>\n<p>&#8211; Saksamaa;<\/p>\n<p>&#8211; Belgia ja Holland.<\/p>\n<p>* Vajadusel korraldame veo ka k\u00f5igisse teistesse riikidesse.<\/p>\n<p>K\u00f5igile ettev\u00f5tte vedukitele\u00a0kehtib vedaja vastutuse kindlustus (CMR-kindlustus). \u00a0Korraldame ka ohtlike veoste vedu (ADR). Omame k\u00f5iki vajalikke litsentse ja lubasid ning personal on l\u00e4binud asjakohased koolitused.<\/p>\n<p>Ettev\u00f5tte kasutuses on kardintentpoolhaagised mahutavusega kuni 34 EUR-alust pikkuses 13,6 laadimismeetrit.<\/p>\n<p>Vedukid on j\u00e4lgitavad GPS &#8211; s\u00fcsteemi kaudu.<\/p>\n<p><a href=\"http:\/\/lptransport.ee\/wp-content\/uploads\/2015\/04\/2016-02-28-36251.jpg\"><img loading=\"lazy\" class=\"alignleft size-medium wp-image-86\" src=\"http:\/\/lptransport.ee\/wp-content\/uploads\/2015\/04\/2016-02-28-36251-237x300.jpg\" alt=\"2016-02-28-3625\" width=\"237\" height=\"300\" srcset=\"http:\/\/lptransport.ee\/wp-content\/uploads\/2015\/04\/2016-02-28-36251-237x300.jpg 237w, http:\/\/lptransport.ee\/wp-content\/uploads\/2015\/04\/2016-02-28-36251.jpg 772w\" sizes=\"(max-width: 237px) 100vw, 237px\" \/><\/a><a href=\"http:\/\/lptransport.ee\/wp-content\/uploads\/2015\/04\/lp_haagis.png\"><img loading=\"lazy\" class=\"alignleft size-medium wp-image-99\" src=\"http:\/\/lptransport.ee\/wp-content\/uploads\/2015\/04\/lp_haagis-169x300.png\" alt=\"lp_haagis\" width=\"169\" height=\"300\" srcset=\"http:\/\/lptransport.ee\/wp-content\/uploads\/2015\/04\/lp_haagis-169x300.png 169w, http:\/\/lptransport.ee\/wp-content\/uploads\/2015\/04\/lp_haagis-576x1024.png 576w, http:\/\/lptransport.ee\/wp-content\/uploads\/2015\/04\/lp_haagis.png 640w\" sizes=\"(max-width: 169px) 100vw, 169px\" \/><\/a><\/p>\n","protected":false},"excerpt":{"rendered":"<p>L&amp;P Transport O\u00dc omab pikaajalisi kogemusi rahvusvahelise kaubaveo korraldamisel . Ettev\u00f5tte peamisteks veosuundadeks on: &#8211; Poola; &#8211; Suurbritannia; &#8211; Saksamaa; &#8211; Belgia ja Holland. * Vajadusel korraldame veo ka k\u00f5igisse teistesse riikidesse. K\u00f5igile ettev\u00f5tte vedukitele\u00a0kehtib vedaja vastutuse kindlustus (CMR-kindlustus). \u00a0Korraldame ka ohtlike veoste vedu (ADR). Omame k\u00f5iki vajalikke litsentse ja lubasid ning personal on l\u00e4binud [&hellip;]<\/p>\n","protected":false},"author":1,"featured_media":0,"parent":0,"menu_order":0,"comment_status":"open","ping_status":"open","template":"","meta":[],"_links":{"self":[{"href":"http:\/\/lptransport.ee\/index.php?rest_route=\/wp\/v2\/pages\/2"}],"collection":[{"href":"http:\/\/lptransport.ee\/index.php?rest_route=\/wp\/v2\/pages"}],"about":[{"href":"http:\/\/lptransport.ee\/index.php?rest_route=\/wp\/v2\/types\/page"}],"author":[{"embeddable":true,"href":"http:\/\/lptransport.ee\/index.php?rest_route=\/wp\/v2\/users\/1"}],"replies":[{"embeddable":true,"href":"http:\/\/lptransport.ee\/index.php?rest_route=%2Fwp%2Fv2%2Fcomments&post=2"}],"version-history":[{"count":7,"href":"http:\/\/lptransport.ee\/index.php?rest_route=\/wp\/v2\/pages\/2\/revisions"}],"predecessor-version":[{"id":100,"href":"http:\/\/lptransport.ee\/index.php?rest_route=\/wp\/v2\/pages\/2\/revisions\/100"}],"wp:attachment":[{"href":"http:\/\/lptransport.ee\/index.php?rest_route=%2Fwp%2Fv2%2Fmedia&parent=2"}],"curies":[{"name":"wp","href":"https:\/\/api.w.org\/{rel}","templated":true}]}}