{"id":18,"date":"2015-04-04T21:08:00","date_gmt":"2015-04-04T21:08:00","guid":{"rendered":"http:\/\/lptransport.ee\/?page_id=18"},"modified":"2019-08-25T13:49:28","modified_gmt":"2019-08-25T13:49:28","slug":"toopakkumised","status":"publish","type":"page","link":"http:\/\/lptransport.ee\/?page_id=18","title":{"rendered":"T\u00f6\u00f6pakkumised"},"content":{"rendered":"<p><strong>L&amp;P Transport O\u00dc<\/strong>\u00a0kuulub P\u00e4rnu vanemate transpordiettev\u00f5tete hulka. Pakume oma t\u00f6\u00f6tajatele professionaalset t\u00f6\u00f6korraldust, huvitavat ja stabiilset t\u00f6\u00f6d ning t\u00e4htaegset t\u00f6\u00f6tasu maksmist. Kui oled huvitatud t\u00f6\u00f6tamisest O\u00dc-s L&amp;P Transport, v\u00f5ta meiega \u00fchendust.<\/p>\n<p><strong>KONKURSS RAHVUSVAHELISTE VEDUDE AUTOJUHILE SUUNAL EESTI &#8211; SUURBRITANNIA<\/strong><\/p>\n<p>Pakume t\u00f6\u00f6d autojuhile suunal Eesti-Suurbritannia-Eesti. Kandideerimiseks palume v\u00f5tta \u00fchendust telefonil + 372 5141085 v\u00f5i kirjutada info@lptransport.ee.<\/p>\n<p>&nbsp;<\/p>\n","protected":false},"excerpt":{"rendered":"<p>L&amp;P Transport O\u00dc\u00a0kuulub P\u00e4rnu vanemate transpordiettev\u00f5tete hulka. Pakume oma t\u00f6\u00f6tajatele professionaalset t\u00f6\u00f6korraldust, huvitavat ja stabiilset t\u00f6\u00f6d ning t\u00e4htaegset t\u00f6\u00f6tasu maksmist. Kui oled huvitatud t\u00f6\u00f6tamisest O\u00dc-s L&amp;P Transport, v\u00f5ta meiega \u00fchendust. KONKURSS RAHVUSVAHELISTE VEDUDE AUTOJUHILE SUUNAL EESTI &#8211; SUURBRITANNIA Pakume t\u00f6\u00f6d autojuhile suunal Eesti-Suurbritannia-Eesti. Kandideerimiseks palume v\u00f5tta \u00fchendust telefonil + 372 5141085 v\u00f5i kirjutada info@lptransport.ee. &nbsp;<\/p>\n","protected":false},"author":1,"featured_media":0,"parent":0,"menu_order":0,"comment_status":"open","ping_status":"open","template":"","meta":[],"_links":{"self":[{"href":"http:\/\/lptransport.ee\/index.php?rest_route=\/wp\/v2\/pages\/18"}],"collection":[{"href":"http:\/\/lptransport.ee\/index.php?rest_route=\/wp\/v2\/pages"}],"about":[{"href":"http:\/\/lptransport.ee\/index.php?rest_route=\/wp\/v2\/types\/page"}],"author":[{"embeddable":true,"href":"http:\/\/lptransport.ee\/index.php?rest_route=\/wp\/v2\/users\/1"}],"replies":[{"embeddable":true,"href":"http:\/\/lptransport.ee\/index.php?rest_route=%2Fwp%2Fv2%2Fcomments&post=18"}],"version-history":[{"count":14,"href":"http:\/\/lptransport.ee\/index.php?rest_route=\/wp\/v2\/pages\/18\/revisions"}],"predecessor-version":[{"id":97,"href":"http:\/\/lptransport.ee\/index.php?rest_route=\/wp\/v2\/pages\/18\/revisions\/97"}],"wp:attachment":[{"href":"http:\/\/lptransport.ee\/index.php?rest_route=%2Fwp%2Fv2%2Fmedia&parent=18"}],"curies":[{"name":"wp","href":"https:\/\/api.w.org\/{rel}","templated":true}]}}