{"id":11,"date":"2015-04-04T21:06:05","date_gmt":"2015-04-04T21:06:05","guid":{"rendered":"http:\/\/lptransport.ee\/?page_id=11"},"modified":"2016-05-01T12:21:56","modified_gmt":"2016-05-01T12:21:56","slug":"riigisisene-kaubavedu","status":"publish","type":"page","link":"http:\/\/lptransport.ee\/?page_id=11","title":{"rendered":"Riigisisene kaubavedu"},"content":{"rendered":"<p><strong>L&amp;P Transport O\u00dc<\/strong>\u00a0\u00a0korraldab igap\u00e4evaselt osa- ja t\u00e4iskoormate vedu\u00a0kogu Eestis. Lisaks pakume ekspedeerimisteenuseid, logistikalahendusi ja n\u00f5ustamist kaubaveo korraldamisel. Pakume\u00a0kliendi jaoks parimat hinna ja kvaliteedi suhet.<\/p>\n<p><strong>Regulaarliinil Tallinn- P\u00e4rnu- Tallinn<\/strong> on v\u00f5imalus transportida erinevaid koguseid kaupa: alates \u00fchest kastist kuni t\u00e4iskoormani (FTL) 34 EUR alust\/24 tonni. Transpordime ka ADR-veoseid.<\/p>\n<p><strong>Regulaarne transport toimub ka:<\/strong><\/p>\n<p>1) Tallinn-Tartu-V\u00f5ru \u00a0suunal;<\/p>\n<p>2) P\u00e4rnu &#8211; Tartu &#8211; P\u00e4rnu suunal ning ka mujal Eestis.<\/p>\n<p>Pakume kliendi jaoks ka <strong>kogu riigisisese kaubaveo korraldamise teenust<\/strong>. See v\u00f5imaldab kliendil keskenduda oma p\u00f5hitegevusele ning mitte kulutada oma t\u00f6\u00f6j\u00f5u ressurssi erinevate vedajate pidevale otsimisele. Saame t\u00e4ita ka <strong>suuremahulisi veotellimusi<\/strong>.<\/p>\n<p>&nbsp;<\/p>\n<p>K\u00f5igi vedukite suhtes kehtib vedaja vastutuse kindlustus. S\u00f5idukid on varustatud GPS-s\u00fcsteemidega.<\/p>\n<p><a href=\"http:\/\/lptransport.ee\/?page_id=20\">K\u00fcsi hinnapakkumist &gt;&gt;&gt;\u00a0<\/a><\/p>\n","protected":false},"excerpt":{"rendered":"<p>L&amp;P Transport O\u00dc\u00a0\u00a0korraldab igap\u00e4evaselt osa- ja t\u00e4iskoormate vedu\u00a0kogu Eestis. Lisaks pakume ekspedeerimisteenuseid, logistikalahendusi ja n\u00f5ustamist kaubaveo korraldamisel. Pakume\u00a0kliendi jaoks parimat hinna ja kvaliteedi suhet. Regulaarliinil Tallinn- P\u00e4rnu- Tallinn on v\u00f5imalus transportida erinevaid koguseid kaupa: alates \u00fchest kastist kuni t\u00e4iskoormani (FTL) 34 EUR alust\/24 tonni. Transpordime ka ADR-veoseid. Regulaarne transport toimub ka: 1) Tallinn-Tartu-V\u00f5ru \u00a0suunal; 2) [&hellip;]<\/p>\n","protected":false},"author":1,"featured_media":0,"parent":0,"menu_order":0,"comment_status":"open","ping_status":"open","template":"","meta":[],"_links":{"self":[{"href":"http:\/\/lptransport.ee\/index.php?rest_route=\/wp\/v2\/pages\/11"}],"collection":[{"href":"http:\/\/lptransport.ee\/index.php?rest_route=\/wp\/v2\/pages"}],"about":[{"href":"http:\/\/lptransport.ee\/index.php?rest_route=\/wp\/v2\/types\/page"}],"author":[{"embeddable":true,"href":"http:\/\/lptransport.ee\/index.php?rest_route=\/wp\/v2\/users\/1"}],"replies":[{"embeddable":true,"href":"http:\/\/lptransport.ee\/index.php?rest_route=%2Fwp%2Fv2%2Fcomments&post=11"}],"version-history":[{"count":7,"href":"http:\/\/lptransport.ee\/index.php?rest_route=\/wp\/v2\/pages\/11\/revisions"}],"predecessor-version":[{"id":92,"href":"http:\/\/lptransport.ee\/index.php?rest_route=\/wp\/v2\/pages\/11\/revisions\/92"}],"wp:attachment":[{"href":"http:\/\/lptransport.ee\/index.php?rest_route=%2Fwp%2Fv2%2Fmedia&parent=11"}],"curies":[{"name":"wp","href":"https:\/\/api.w.org\/{rel}","templated":true}]}}